{"id":434,"date":"2025-07-27T21:23:34","date_gmt":"2025-07-27T21:23:34","guid":{"rendered":"https:\/\/novasurabogados.cl\/?post_type=product&#038;p=434"},"modified":"2025-07-27T21:23:59","modified_gmt":"2025-07-27T21:23:59","slug":"abogados-a-domicilio-linares-urgencia","status":"publish","type":"product","link":"https:\/\/novasurabogados.cl\/index.php\/producto\/abogados-a-domicilio-linares-urgencia\/","title":{"rendered":"Abogados a domicilio Linares \u00abURGENCIA\u00bb."},"content":{"rendered":"<p>Si tienes una urgencia legal, contrata nuestro servicio de asistencia legal en tu domicilio, las 24 horas, los 7 d\u00edas a la semana, respuesta inmediata de nuestro equipo en tan solo 2 horas m\u00e1ximo.<\/p>\n<ul>\n<li>Contrata servicio de consulta legal y asistencia jur\u00eddica a domicilio.<\/li>\n<li>Valor valido por una consulta dentro del radio urbano de la comuna de Linares.<\/li>\n<li>La sesi\u00f3n de consulta y asesor\u00eda t\u00e9cnica jur\u00eddica tiene una duraci\u00f3n de 45 minutos.<\/li>\n<li>Respuesta inmediata en menos de 2 Horas en su domicilio una vez pagado el servicio.<\/li>\n<\/ul>\n","protected":false},"excerpt":{"rendered":"<p>Si tienes una urgencia legal, contrata nuestro servicio de asistencia legal en tu domicilio, las 24 horas, los 7 d\u00edas a la semana, respuesta inmediata de nuestro equipo en tan solo 2 horas m\u00e1ximo. Contrata servicio de consulta legal y &hellip; <\/p>\n","protected":false},"featured_media":435,"comment_status":"open","ping_status":"closed","template":"","meta":{"om_disable_all_campaigns":false,"_monsterinsights_skip_tracking":false,"_monsterinsights_sitenote_active":false,"_monsterinsights_sitenote_note":"","_monsterinsights_sitenote_category":0,"_uf_show_specific_survey":0,"_uf_disable_surveys":false},"product_brand":[],"product_cat":[24],"product_tag":[],"class_list":{"0":"post-434","1":"product","2":"type-product","3":"status-publish","4":"has-post-thumbnail","6":"product_cat-sin-categorizar","8":"first","9":"instock","10":"sale","11":"shipping-taxable","12":"purchasable","13":"product-type-simple"},"aioseo_notices":[],"jetpack_sharing_enabled":true,"_links":{"self":[{"href":"https:\/\/novasurabogados.cl\/index.php\/wp-json\/wp\/v2\/product\/434","targetHints":{"allow":["GET"]}}],"collection":[{"href":"https:\/\/novasurabogados.cl\/index.php\/wp-json\/wp\/v2\/product"}],"about":[{"href":"https:\/\/novasurabogados.cl\/index.php\/wp-json\/wp\/v2\/types\/product"}],"replies":[{"embeddable":true,"href":"https:\/\/novasurabogados.cl\/index.php\/wp-json\/wp\/v2\/comments?post=434"}],"wp:featuredmedia":[{"embeddable":true,"href":"https:\/\/novasurabogados.cl\/index.php\/wp-json\/wp\/v2\/media\/435"}],"wp:attachment":[{"href":"https:\/\/novasurabogados.cl\/index.php\/wp-json\/wp\/v2\/media?parent=434"}],"wp:term":[{"taxonomy":"product_brand","embeddable":true,"href":"https:\/\/novasurabogados.cl\/index.php\/wp-json\/wp\/v2\/product_brand?post=434"},{"taxonomy":"product_cat","embeddable":true,"href":"https:\/\/novasurabogados.cl\/index.php\/wp-json\/wp\/v2\/product_cat?post=434"},{"taxonomy":"product_tag","embeddable":true,"href":"https:\/\/novasurabogados.cl\/index.php\/wp-json\/wp\/v2\/product_tag?post=434"}],"curies":[{"name":"wp","href":"https:\/\/api.w.org\/{rel}","templated":true}]}}