{"id":425,"date":"2025-07-12T01:44:30","date_gmt":"2025-07-12T01:44:30","guid":{"rendered":"https:\/\/novasurabogados.cl\/?post_type=product&#038;p=425"},"modified":"2025-07-27T21:36:11","modified_gmt":"2025-07-27T21:36:11","slug":"divorcio-mutuo-acuerdo","status":"publish","type":"product","link":"https:\/\/novasurabogados.cl\/index.php\/producto\/divorcio-mutuo-acuerdo\/","title":{"rendered":"Divorcio Mutuo Acuerdo"},"content":{"rendered":"<p><span class=\"x1lliihq\">Asesor\u00eda legal confiable, clara y al alcance de todos\u00a0<\/span><span class=\"x1lliihq\">\u00bfEst\u00e1s listo(a) para iniciar el proceso de divorcio? En nuestro estudio jur\u00eddico te ofrecemos una alternativa accesible y profesional para poner fin a tu matrimonio de manera r\u00e1pida y segura.<\/span><\/p>\n<p>Este valor aplica \u00fanicamente si se cumplen las siguientes condiciones:<\/p>\n<div class=\"elementor-element elementor-element-5209b33a elementor-icon-list--layout-traditional elementor-list-item-link-full_width elementor-widget elementor-widget-icon-list\" data-id=\"5209b33a\" data-element_type=\"widget\" data-widget_type=\"icon-list.default\">\n<div class=\"elementor-widget-container\">\n<ul class=\"elementor-icon-list-items\">\n<li class=\"elementor-icon-list-item\"><span class=\"elementor-icon-list-text\">Ambos c\u00f3nyuges est\u00e1n de acuerdo en divorciarse.<\/span><\/li>\n<\/ul>\n<\/div>\n<\/div>\n<div class=\"elementor-element elementor-element-47de42a0 elementor-icon-list--layout-traditional elementor-list-item-link-full_width elementor-widget elementor-widget-icon-list\" data-id=\"47de42a0\" data-element_type=\"widget\" data-widget_type=\"icon-list.default\">\n<div class=\"elementor-widget-container\">\n<ul class=\"elementor-icon-list-items\">\n<li class=\"elementor-icon-list-item\"><span class=\"elementor-icon-list-text\">No existen bienes que deban repartirse.<\/span><\/li>\n<\/ul>\n<\/div>\n<\/div>\n<div class=\"elementor-element elementor-element-bdea594 elementor-align-left elementor-widget__width-initial elementor-icon-list--layout-traditional elementor-list-item-link-full_width elementor-widget elementor-widget-icon-list\" data-id=\"bdea594\" data-element_type=\"widget\" data-widget_type=\"icon-list.default\">\n<div class=\"elementor-widget-container\">\n<ul class=\"elementor-icon-list-items\">\n<li class=\"elementor-icon-list-item\"><span class=\"elementor-icon-list-text\">No es necesario regular pensi\u00f3n de alimentos, visitas ni cuidado personal de hijos menores.<\/span><\/li>\n<\/ul>\n<ul>\n<li>Se debe agendar entrevista virtual para ponderacion previa antes de contratar este servicio.<\/li>\n<\/ul>\n<p>Conf\u00eda en nosotros prepagando tus servicios legales, respuesta r\u00e1pida e inmediata. El \u00fanico estudio jur\u00eddico en ofrecer servicios 100% remoto sin moverte de tu hogar.<\/p>\n<\/div>\n<\/div>\n","protected":false},"excerpt":{"rendered":"<p>El \u00fanico estudio jur\u00eddico en ofrecer servicios 100% remoto sin moverte de tu hogar. Divorcio express, seguro y confiable.<\/p>\n","protected":false},"featured_media":437,"comment_status":"open","ping_status":"closed","template":"","meta":{"om_disable_all_campaigns":false,"_monsterinsights_skip_tracking":false,"_monsterinsights_sitenote_active":false,"_monsterinsights_sitenote_note":"","_monsterinsights_sitenote_category":0,"_uf_show_specific_survey":0,"_uf_disable_surveys":false},"product_brand":[],"product_cat":[24],"product_tag":[25],"class_list":{"0":"post-425","1":"product","2":"type-product","3":"status-publish","4":"has-post-thumbnail","6":"product_cat-sin-categorizar","7":"product_tag-divorcio","9":"first","10":"instock","11":"sale","12":"downloadable","13":"virtual","14":"purchasable","15":"product-type-simple"},"aioseo_notices":[],"jetpack_sharing_enabled":true,"_links":{"self":[{"href":"https:\/\/novasurabogados.cl\/index.php\/wp-json\/wp\/v2\/product\/425","targetHints":{"allow":["GET"]}}],"collection":[{"href":"https:\/\/novasurabogados.cl\/index.php\/wp-json\/wp\/v2\/product"}],"about":[{"href":"https:\/\/novasurabogados.cl\/index.php\/wp-json\/wp\/v2\/types\/product"}],"replies":[{"embeddable":true,"href":"https:\/\/novasurabogados.cl\/index.php\/wp-json\/wp\/v2\/comments?post=425"}],"wp:featuredmedia":[{"embeddable":true,"href":"https:\/\/novasurabogados.cl\/index.php\/wp-json\/wp\/v2\/media\/437"}],"wp:attachment":[{"href":"https:\/\/novasurabogados.cl\/index.php\/wp-json\/wp\/v2\/media?parent=425"}],"wp:term":[{"taxonomy":"product_brand","embeddable":true,"href":"https:\/\/novasurabogados.cl\/index.php\/wp-json\/wp\/v2\/product_brand?post=425"},{"taxonomy":"product_cat","embeddable":true,"href":"https:\/\/novasurabogados.cl\/index.php\/wp-json\/wp\/v2\/product_cat?post=425"},{"taxonomy":"product_tag","embeddable":true,"href":"https:\/\/novasurabogados.cl\/index.php\/wp-json\/wp\/v2\/product_tag?post=425"}],"curies":[{"name":"wp","href":"https:\/\/api.w.org\/{rel}","templated":true}]}}