{"id":260,"date":"2022-01-12T19:24:21","date_gmt":"2022-01-12T19:24:21","guid":{"rendered":"https:\/\/novasurabogados.cl\/?page_id=260"},"modified":"2022-01-12T19:24:23","modified_gmt":"2022-01-12T19:24:23","slug":"cambio-de-apellido-y-nombre","status":"publish","type":"page","link":"https:\/\/novasurabogados.cl\/index.php\/cambio-de-apellido-y-nombre\/","title":{"rendered":"Cambio de Apellido y Nombre"},"content":{"rendered":"\n<p>Abogados del Maule presta asesor\u00eda en el tr\u00e1mite de&nbsp;<strong>cambio de nombre o apellido o nombre completo.<\/strong><\/p>\n\n\n\n<p>Usted debe tener claro que puede cambiar su nombres, su segundo nombre, y tambi\u00e9n el primer o segundo apellido o todo el nombre completo si lo desea y se ajusta a las exigencias legales.<\/p>\n\n\n\n<p>Es importante que la decisi\u00f3n de cambiar su nombre y\/o apellido sea bien meditada, dado que la actual legislaci\u00f3n autoriza el cambio una sola vez en la vida, de modo que si se arrepiente en el futuro no podr\u00e1 volver atr\u00e1s.<\/p>\n\n\n\n<h2 class=\"wp-block-heading\"><strong>\u00bf Es posible cambiarse el Apellido ? \u00bfPuedo cambiar el apellido de mi hijo?<\/strong><\/h2>\n\n\n\n<p>Cualquier persona podr\u00e1 solicitar, por una sola vez, el cambio de sus nombres o apellidos, en los siguientes casos:<\/p>\n\n\n\n<ul class=\"wp-block-list\"><li>Cuando sean rid\u00edculos, risibles o la menoscaben moral o materialmente.<\/li><li>Cuando por m\u00e1s de 5 a\u00f1os haya sido conocida por nombres o apellidos distintos a los que salgan en su carnet de identidad.<\/li><li>En los casos de filiaci\u00f3n no matrimonial, para agregar un apellido cuando la persona hubiere sido inscrita con uno solo o para cambiar uno de los que se hubieren impuesto al nacido.<\/li><li>Cuando los nombres o apellidos no son en espa\u00f1ol, podr\u00e1 solicitarse para que se autorice traducirlos al idioma castellano.<\/li><\/ul>\n\n\n\n<h2 class=\"wp-block-heading\"><strong>\u00bfQu\u00e9 debo hacer para cambiar mi Apellido?<\/strong><\/h2>\n\n\n\n<p>El procedimiento a seguir es ante los tribunales civiles y demora entre 5 meses y 11 meses. Obligatoriamente se requiere la asistencia de un abogado.<\/p>\n\n\n\n<h2 class=\"wp-block-heading\"><strong>\u00bfC\u00f3mo&nbsp;puedo probar que he sido conocido por 5 a\u00f1os por un nombre distinto al que aparece en mi carnet de identidad?<\/strong><\/h2>\n\n\n\n<p>Para el procedimiento de cambio de apellido, la prueba que se suele utilizar son testigos (o documentos, aunque no suelen existir). Los testigos deber\u00e1n dar fe del uso del nombre y\/o apellido por m\u00e1s de 5 a\u00f1os.<\/p>\n\n\n\n<p>En estos juicios de cambio de apellido no pueden ser testigos familiares directos, sino que tienen que ser vecinos, amigos u otros.<\/p>\n\n\n\n<h2 class=\"wp-block-heading\"><strong>Efecto de cambio de Apellido<\/strong><\/h2>\n\n\n\n<p><em><strong>El cambio de apellido&nbsp;<\/strong><\/em>produce como efecto que usted deber\u00e1 usar en todas sus actuaciones futuras, su nuevo&nbsp;nombre o apellido. Ahora, no cambia el RUT ni otro atributo, sigue siendo, jur\u00eddicamente, la misma persona, con los mismos padres e hijos. No obstante esto el&nbsp;<em><strong>cambio de apellido&nbsp;<\/strong><\/em>afectar\u00e1 a los descendientes sujetos a patria potestad y a los que consientan en ello.<\/p>\n\n\n\n<p>Si usted tiene descendientes menores de edad deber\u00e1 tambi\u00e9n solicitar el&nbsp;<em>cambio de apellido<\/em>&nbsp;de sus hijos y la modificaci\u00f3n en la partida de matrimonio y en las inscripciones de nacimiento. Si sus hijos son mayores de edad ellos deber\u00e1n consentir el&nbsp;<em>cambio de apellido<\/em>&nbsp;para que les afecte.<\/p>\n\n\n\n<p>Adem\u00e1s, al&nbsp;<em><strong>cambiar su apellido&nbsp;<\/strong><\/em>se deber\u00e1 hacer la correspondiente notificaci\u00f3n a todas las instituciones pertinentes del cambio, para que actualicen sus bases de datos. Esto no es autom\u00e1tico, sino que es algo que deber\u00e1 solicitar una vez concluido el juicio.<\/p>\n\n\n\n<h2 class=\"wp-block-heading\"><strong>\u00bfPuedo poner el apellido de mi marido o pareja a mi hijo?<\/strong><\/h2>\n\n\n\n<p>No existe problema, si su hijo(a) ha sido conocido (a) con el apellido de su marido por m\u00e1s de 5 a\u00f1os. Es m\u00e1s, una de las razones m\u00e1s comunes por las cuales se tramita un cambio de apellido es justamente esta, y es un motivo plausible por razones sociales -la prueba es por testigos, quienes deben dar fe de esta situaci\u00f3n- (para hacer el cambio de nombre no se requiere autorizaci\u00f3n del padre biol\u00f3gico, no obstante debe considerar que la ley exige que se publique un extracto de la solicitud de cambio de nombre o apellido en el Diario Oficial, permitiendo que quien tenga inter\u00e9s pueda oponerse dentro de 30 d\u00edas. De esta forma, si el padre biol\u00f3gico llegara a leer el diario oficial o a saber de esta situaci\u00f3n podr\u00eda haber una oposici\u00f3n de su parte, caso en el cual el juez resolver\u00e1 si autoriza o no el cambio.<\/p>\n\n\n\n<h2 class=\"wp-block-heading\"><strong>\u00bfSi cambio el apellido de mi hijo se alteran las obligaciones del padre biol\u00f3gico?<\/strong><\/h2>\n\n\n\n<p>No. Tiene que tener presente que los derechos y obligaciones entre padre e hijo no se alteran o suprimen por el cambio de apellido. As\u00ed, por ejemplo, subsiste el derecho a percibir pensi\u00f3n de alimentos. Es decir, el padre legalmente seguir\u00e1 siendo el mismo a\u00fan cuando se cambie el apellido del menor, el cambio podr\u00edamos decir entonces que es en apariencia, cambia el apellido.<\/p>\n\n\n\n<h2 class=\"wp-block-heading\"><strong>\u00bfPuedo elegir cualquier apellido al modificarlo?<\/strong><\/h2>\n\n\n\n<p>Claro, pero lea las causales. Si la causal es la de haber sido conocido por m\u00e1s de 5 a\u00f1os con ese nombre o apellido, debe acreditar probar aquello en el juicio.<br>Ahora, debe considerar que la ley exige que se publique un extracto de la solicitud de cambio de nombre o apellido en el Diario Oficial (publicaci\u00f3n que es gratuita), permitiendo que quien tenga inter\u00e9s pueda oponerse dentro de 30 d\u00edas.<\/p>\n\n\n\n<h2 class=\"wp-block-heading\"><strong>\u00bfQu\u00e9 debo hacer para cambiar mi nombre y\/o apellido?<\/strong><\/h2>\n\n\n\n<p>Si desea que tramitemos su cambio de apellido, h\u00e1blennos por medio del contacto que se se\u00f1alan en la parte inferior. Necesitaremos para comenzar el procedimiento el certificado de nacimiento y de matrimonio (si estas casado(a) ). Ambos se obtienen en el registro civil o pueden ser bajados de su p\u00e1gina Web&nbsp;<a href=\"https:\/\/www.registrocivil.cl\/\">www.registrocivil.cl<\/a>&nbsp;Luego necesitar\u00e1 mayor documentaci\u00f3n, pero la solicitaremos a su debido momento.<\/p>\n\n\n\n<p>Si usted gusta nosotros podemos obtener los certificados correspondientes.<\/p>\n\n\n\n<h5 class=\"wp-block-heading\">Novasur Abogados presta\u00a0asesor\u00eda en el tr\u00e1mite de\u00a0<strong><em>cambio de nombre o\u00a0apellido o nombre completo.<\/em><\/strong><\/h5>\n\n\n\n<h5 class=\"wp-block-heading\">Usted debe tener claro que puede&nbsp;<em>cambiar su nombres<\/em>, su segundo nombre, y tambi\u00e9n el primer o segundo apellido o todo el nombre completo si lo desea&nbsp;y se ajusta a las exigencias legales.<\/h5>\n\n\n\n<h5 class=\"wp-block-heading\">Es importante que la decisi\u00f3n de&nbsp;<em><strong>cambiar su nombre y\/o apellido&nbsp;<\/strong><\/em>sea bien meditada, dado que la actual legislaci\u00f3n autoriza el cambio una sola vez en la vida, de modo que si se arrepiente en el futuro no podr\u00e1 volver atr\u00e1s.<\/h5>\n\n\n\n<h5 class=\"wp-block-heading\">Cualquier persona podr\u00e1 solicitar, por una sola vez, el&nbsp;<strong><em>cambio de sus nombres o apellidos<\/em><\/strong>, en los siguientes casos:<\/h5>\n\n\n\n<ul class=\"wp-block-list\"><li>Cuando sean rid\u00edculos, risibles o la menoscaben moral o materialmente.<\/li><li>Cuando por m\u00e1s de 5 a\u00f1os haya sido conocida por nombres o apellidos distintos a los que salgan en su carnet de identidad.<\/li><li>En los casos de filiaci\u00f3n no matrimonial, para agregar un apellido cuando la persona hubiere sido inscrita con uno solo o para cambiar uno de los que se hubieren impuesto al nacido.<\/li><li>Cuando los nombres o apellidos no son en espa\u00f1ol, podr\u00e1 solicitarse para que se autorice traducirlos al idioma castellano.<\/li><\/ul>\n\n\n\n<h5 class=\"wp-block-heading\">&nbsp;El procedimiento a seguir es ante los tribunales civiles y demora entre 5 meses y 11 meses. Obligatoriamente se requiere la asistencia de un abogado. Usted debe simplemente contactarnos y nosotros nos encargaremos de todo.<\/h5>\n\n\n\n<h5 class=\"wp-block-heading\">Para el procedimiento de cambio de apellido, la prueba que se suele utilizar son testigos (o documentos, aunque no suelen existir). Los testigos deber\u00e1n dar fe del uso del nombre y\/o apellido por m\u00e1s de 5 a\u00f1os.<\/h5>\n\n\n\n<h5 class=\"wp-block-heading\">En estos juicios de cambio de apellido,&nbsp;no pueden ser testigos familiares directos, sino que tienen que ser vecinos, amigos u otros.<\/h5>\n\n\n\n<h5 class=\"wp-block-heading\"><em><strong>El cambio de apellido&nbsp;<\/strong><\/em>produce como efecto que usted deber\u00e1 usar en todas sus actuaciones futuras, su nuevo&nbsp;<em>nombre o apellido<\/em>. Ahora, no cambia el RUT ni otro atributo, sigue siendo, jur\u00eddicamente, la misma persona, con los mismos padres e hijos. No obstante esto el&nbsp;<em><strong>cambio de apellido&nbsp;<\/strong><\/em>afectar\u00e1 a los descendientes sujetos a patria potestad y a los que consientan en ello.<\/h5>\n\n\n\n<h5 class=\"wp-block-heading\">Si usted tiene descendientes menores de edad deber\u00e1 tambi\u00e9n solicitar el cambio de apellido de sus hijos y la modificaci\u00f3n en la partida de matrimonio y en las inscripciones de nacimiento. Si sus hijos son mayores de edad ellos deber\u00e1n consentir el&nbsp;<em>cambio de apellido<\/em>&nbsp;para que les afecte.<\/h5>\n\n\n\n<h5 class=\"wp-block-heading\">Adem\u00e1s, al&nbsp;<em><strong>cambiar su apellido&nbsp;<\/strong><\/em>se deber\u00e1 hacer la correspondiente notificaci\u00f3n a todas las instituciones pertinentes del cambio, para que actualicen sus bases de datos. Esto no es autom\u00e1tico, sino que es algo que deber\u00e1 solicitar una vez concluido el juicio.<\/h5>\n\n\n\n<h5 class=\"wp-block-heading\">No existe problema, si su hijo(a) ha sido conocido (a) con el apellido de su marido por m\u00e1s de 5 a\u00f1os. Es m\u00e1s, una de las razones m\u00e1s comunes por las cuales se tramita un cambio de apellido es justamente esta, y es un motivo plausible por razones sociales -la prueba es por testigos, quienes deben dar fe de esta situaci\u00f3n- (para hacer el cambio de nombre no se requiere autorizaci\u00f3n del padre biol\u00f3gico, no obstante debe considerar que la ley exige que se publique un extracto de la solicitud de cambio de nombre o apellido en el Diario Oficial, permitiendo que quien tenga inter\u00e9s pueda oponerse dentro de 30 d\u00edas. De esta forma, si el padre biol\u00f3gico llegara a leer el diario oficial o a saber de esta situaci\u00f3n podr\u00eda haber una oposici\u00f3n de su parte, caso en el cual el juez resolver\u00e1 si autoriza o no el cambio.<\/h5>\n\n\n\n<h5 class=\"wp-block-heading\"><strong>No.<\/strong>&nbsp;Tiene que tener presente que los derechos y obligaciones entre padre e hijo no se alteran o suprimen por el cambio de apellido.&nbsp;As\u00ed, por ejemplo, subsiste el derecho a percibir pensi\u00f3n de alimentos. Es decir, el padre legalmente seguir\u00e1 siendo el mismo a\u00fan cuando se cambie el apellido del menor, el cambio podr\u00edamos decir entonces que es en apariencia,&nbsp;<em>cambia el apellido<\/em>.<\/h5>\n\n\n\n<h5 class=\"wp-block-heading\">Claro, pero lea las causales. Si la causal es la de haber sido conocido por m\u00e1s de 5 a\u00f1os con ese nombre o apellido, debe acreditar probar aquello en el juicio.<\/h5>\n\n\n\n<h5 class=\"wp-block-heading\">Ahora, debe considerar que la ley exige que se publique un extracto de la solicitud de cambio de nombre o apellido en el Diario Oficial (publicaci\u00f3n que es gratuita), permitiendo que quien tenga inter\u00e9s pueda oponerse dentro de 30 d\u00edas.<\/h5>\n\n\n\n<h5 class=\"wp-block-heading\">Si desea que tramitemos su cambio de apellido, rellene el formulario que aparece al final de la p\u00e1gina o ll\u00e1menos directamente a los tel\u00e9fonos que se se\u00f1alan. Necesitaremos para comenzar el procedimiento el certificado de nacimiento y de matrimonio (si estas casado(a) ). Ambos se obtienen en el registro civil o pueden ser bajados de su p\u00e1gina Web www.registrocivil.cl. Luego necesitar\u00e1 mayor documentaci\u00f3n, pero la solicitaremos a su debido momento.<\/h5>\n\n\n\n<h5 class=\"wp-block-heading\">Si usted gusta nosotros podemos obtener los certificados correspondientes.<\/h5>\n","protected":false},"excerpt":{"rendered":"<p>Abogados del Maule presta asesor\u00eda en el tr\u00e1mite de&nbsp;cambio de nombre o apellido o nombre completo. Usted debe tener claro que puede cambiar su nombres, su segundo nombre, y tambi\u00e9n el primer o segundo apellido o todo el nombre completo &hellip; <\/p>\n","protected":false},"author":1,"featured_media":0,"parent":0,"menu_order":0,"comment_status":"closed","ping_status":"closed","template":"","meta":{"om_disable_all_campaigns":false,"_monsterinsights_skip_tracking":false,"_monsterinsights_sitenote_active":false,"_monsterinsights_sitenote_note":"","_monsterinsights_sitenote_category":0,"_uf_show_specific_survey":0,"_uf_disable_surveys":false,"footnotes":""},"class_list":["post-260","page","type-page","status-publish","hentry"],"aioseo_notices":[],"jetpack_sharing_enabled":true,"_links":{"self":[{"href":"https:\/\/novasurabogados.cl\/index.php\/wp-json\/wp\/v2\/pages\/260","targetHints":{"allow":["GET"]}}],"collection":[{"href":"https:\/\/novasurabogados.cl\/index.php\/wp-json\/wp\/v2\/pages"}],"about":[{"href":"https:\/\/novasurabogados.cl\/index.php\/wp-json\/wp\/v2\/types\/page"}],"author":[{"embeddable":true,"href":"https:\/\/novasurabogados.cl\/index.php\/wp-json\/wp\/v2\/users\/1"}],"replies":[{"embeddable":true,"href":"https:\/\/novasurabogados.cl\/index.php\/wp-json\/wp\/v2\/comments?post=260"}],"version-history":[{"count":1,"href":"https:\/\/novasurabogados.cl\/index.php\/wp-json\/wp\/v2\/pages\/260\/revisions"}],"predecessor-version":[{"id":261,"href":"https:\/\/novasurabogados.cl\/index.php\/wp-json\/wp\/v2\/pages\/260\/revisions\/261"}],"wp:attachment":[{"href":"https:\/\/novasurabogados.cl\/index.php\/wp-json\/wp\/v2\/media?parent=260"}],"curies":[{"name":"wp","href":"https:\/\/api.w.org\/{rel}","templated":true}]}}