{"id":256,"date":"2022-01-12T19:20:46","date_gmt":"2022-01-12T19:20:46","guid":{"rendered":"https:\/\/novasurabogados.cl\/?page_id=256"},"modified":"2022-01-12T19:20:47","modified_gmt":"2022-01-12T19:20:47","slug":"recurso-de-proteccion","status":"publish","type":"page","link":"https:\/\/novasurabogados.cl\/index.php\/recurso-de-proteccion\/","title":{"rendered":"Recurso de protecci\u00f3n"},"content":{"rendered":"\n<p>Novasur Abogados, brinda asesor\u00eda legal en la\u00a0<strong>interposici\u00f3n de recursos de amparo y protecci\u00f3n ante los tribunales de justicia.<\/strong><\/p>\n\n\n\n<p>La Constituci\u00f3n Pol\u00edtica de la Rep\u00fablica no se limita a establecer derechos y declarar intereses jur\u00eddicos protegidos sino que, adicionalmente, establece mecanismos de resguardo a los mismos, esto es garant\u00edas. Dentro de las garant\u00edas o mecanismos que permiten el resguardo de derechos e intereses se encuentran las acciones constitucionales, como el recurso de amparo y de protecci\u00f3n.<\/p>\n\n\n\n<h2 class=\"wp-block-heading\"><strong>\u00bfQu\u00e9 es el recurso de protecci\u00f3n?<\/strong><\/h2>\n\n\n\n<p>El&nbsp;<strong>recurso de protecci\u00f3n<\/strong>&nbsp;es una acci\u00f3n r\u00e1pida, que si la sabemos utilizar puede solucionarnos muchos problemas y dispendio de recursos. Muchos ignoran la existencia de esta acci\u00f3n constitucional o conoci\u00e9ndola dejan de ejercerla. Esta acci\u00f3n puede evitar recurrir a procesos de larga duraci\u00f3n, y permite solucionar de forma inmediata y eficaz los problemas de nuestros representados.<\/p>\n\n\n\n<p>Es aquella acci\u00f3n que la Constituci\u00f3n concede a todas las personas que como consecuencia de actos u omisiones arbitrarias o ilegales, sufren privaci\u00f3n, perturbaci\u00f3n o amenaza a sus derechos y garant\u00edas constitucionales.<\/p>\n\n\n\n<h2 class=\"wp-block-heading\"><strong>Derechos protegidos por el recurso de protecci\u00f3n<\/strong><\/h2>\n\n\n\n<p>Los derechos respecto de los cuales se puede presentar este recurso se encuentran contemplados en algunos de los numerales del art\u00edculo 19 de la Constituci\u00f3n Pol\u00edtica. Algunos de ellos son:<\/p>\n\n\n\n<ul class=\"wp-block-list\"><li>Derecho a la vida.<\/li><li>Igualdad ante la ley.<\/li><li>Derecho a la defensa judicial y a solo ser juzgado por los tribunales que establece la ley.<\/li><li>Derecho a la protecci\u00f3n de la vida privada y a la honra de la persona y su familia.<\/li><li>Inviolabilidad del hogar y de toda forma de comunicaci\u00f3n privada.<\/li><li>Libertad de conciencia y libertad de culto.<\/li><li>Derecho a elegir el sistema de salud, sea estatal o privado.<\/li><li>Derecho a la educaci\u00f3n.<\/li><li>Libertad de ense\u00f1anza.<\/li><li>Libertad de opini\u00f3n e informaci\u00f3n.<\/li><li>Derecho de reuni\u00f3n.<\/li><li>Derecho de petici\u00f3n.<\/li><li>Derecho de asociaci\u00f3n.<\/li><li>Libertad de trabajo.<\/li><li>Derecho de sindicalizaci\u00f3n.<\/li><li>Libertad para desarrollar cualquier actividad econ\u00f3mica.<\/li><li>Derecho a no ser discriminado en el trato del Estado en materia econ\u00f3mica.<\/li><li>Libertad para adquirir el dominio de toda clase de bienes.<\/li><li>Derecho de propiedad.<\/li><li>Derecho de propiedad intelectual e industrial.<\/li><li>Derecho a vivir en un medio ambiente libre de contaminaci\u00f3n.<\/li><\/ul>\n\n\n\n<p>Ante cualquier privaci\u00f3n, perturbaci\u00f3n o amenaza al ejercicio de alguno de estos derechos usted puede interponer un recurso de protecci\u00f3n.<\/p>\n\n\n\n<h2 class=\"wp-block-heading\"><strong>Objetivos del recurso de protecci\u00f3n<\/strong><\/h2>\n\n\n\n<p>Que la Corte ordene todas las medidas necesarias para reestablecer el derecho vulnerado y asegurar su protecci\u00f3n. Igual se pueden presentar otras acciones ante la autoridad o los Tribunales de Justicia.<\/p>\n\n\n\n<h2 class=\"wp-block-heading\"><strong>\u00bfQui\u00e9n puede interponer el recurso de protecci\u00f3n?<\/strong><\/h2>\n\n\n\n<p>Cualquier persona natural o jur\u00eddica, o un grupo de personas, que haya sufrido la perturbaci\u00f3n o amenaza de estos derechos. No se requiere un abogado para interponerlo. No obstante cuando llegue el momento de alegar el recurso ante el tribunal, se requiere para el alegato de un abogado. Esto es una gran incongruencia de nuestro legislador, ya que por una parte autoriza a cualquier persona a interponer el recurso, pero en la practica, le exige al momento de alegar el recurso de un abogado.<\/p>\n\n\n\n<h2 class=\"wp-block-heading\"><strong>\u00bfCu\u00e1l es el plazo para interponer un recurso de protecci\u00f3n?<\/strong><\/h2>\n\n\n\n<p>Para interponer el recurso de protecci\u00f3n el plazo es de&nbsp;<strong>30 d\u00edas corridos<\/strong>&nbsp;contados desde que ocurre el acto o amenaza que motiva el recurso o desde que se tuvo conocimiento de dicho acto o amenaza, hecho que debe ser acreditado ante la Corte.<\/p>\n\n\n\n<p>En el examen de admisibilidad se examinar\u00e1 si ha sido interpuesto en tiempo y si tiene fundamento suficiente para acogerlo a tramitaci\u00f3n.<\/p>\n","protected":false},"excerpt":{"rendered":"<p>Novasur Abogados, brinda asesor\u00eda legal en la\u00a0interposici\u00f3n de recursos de amparo y protecci\u00f3n ante los tribunales de justicia. La Constituci\u00f3n Pol\u00edtica de la Rep\u00fablica no se limita a establecer derechos y declarar intereses jur\u00eddicos protegidos sino que, adicionalmente, establece mecanismos &hellip; <\/p>\n","protected":false},"author":1,"featured_media":0,"parent":0,"menu_order":0,"comment_status":"closed","ping_status":"closed","template":"","meta":{"om_disable_all_campaigns":false,"_monsterinsights_skip_tracking":false,"_monsterinsights_sitenote_active":false,"_monsterinsights_sitenote_note":"","_monsterinsights_sitenote_category":0,"_uf_show_specific_survey":0,"_uf_disable_surveys":false,"footnotes":""},"class_list":["post-256","page","type-page","status-publish","hentry"],"aioseo_notices":[],"jetpack_sharing_enabled":true,"_links":{"self":[{"href":"https:\/\/novasurabogados.cl\/index.php\/wp-json\/wp\/v2\/pages\/256","targetHints":{"allow":["GET"]}}],"collection":[{"href":"https:\/\/novasurabogados.cl\/index.php\/wp-json\/wp\/v2\/pages"}],"about":[{"href":"https:\/\/novasurabogados.cl\/index.php\/wp-json\/wp\/v2\/types\/page"}],"author":[{"embeddable":true,"href":"https:\/\/novasurabogados.cl\/index.php\/wp-json\/wp\/v2\/users\/1"}],"replies":[{"embeddable":true,"href":"https:\/\/novasurabogados.cl\/index.php\/wp-json\/wp\/v2\/comments?post=256"}],"version-history":[{"count":1,"href":"https:\/\/novasurabogados.cl\/index.php\/wp-json\/wp\/v2\/pages\/256\/revisions"}],"predecessor-version":[{"id":257,"href":"https:\/\/novasurabogados.cl\/index.php\/wp-json\/wp\/v2\/pages\/256\/revisions\/257"}],"wp:attachment":[{"href":"https:\/\/novasurabogados.cl\/index.php\/wp-json\/wp\/v2\/media?parent=256"}],"curies":[{"name":"wp","href":"https:\/\/api.w.org\/{rel}","templated":true}]}}