{"id":254,"date":"2022-01-12T19:18:28","date_gmt":"2022-01-12T19:18:28","guid":{"rendered":"https:\/\/novasurabogados.cl\/?page_id=254"},"modified":"2022-01-12T19:18:28","modified_gmt":"2022-01-12T19:18:28","slug":"demandas-de-relacion-directa-y-regular-visitas","status":"publish","type":"page","link":"https:\/\/novasurabogados.cl\/index.php\/demandas-de-relacion-directa-y-regular-visitas\/","title":{"rendered":"Demandas de Relaci\u00f3n directa y regular (Visitas)"},"content":{"rendered":"\n<p><strong>Si usted se ha separado y su pareja se ha quedado con el cuidado personal de su hijo usted tiene derecho a ver regularmente a su hijo.<\/strong>\u00a0Novasur Abogados le presta asesor\u00eda legal solicitando al tribunal que establezca y regule un r\u00e9gimen de visitas.<\/p>\n\n\n\n<p>Abogados del Maule tambi\u00e9n representa a los padres que deseen modificar un r\u00e9gimen de visitas ya establecido, por haber cambiado las circunstancias o por otras razones.<\/p>\n\n\n\n<p>Tambi\u00e9n representa a clientes que desean regular un r\u00e9gimen de visitas mediante una transacci\u00f3n o avenimiento judicial, lo cual permite acordar estos temas en forma acordada y sin juicios.<\/p>\n\n\n\n<p>Nosotros tenemos amplia experiencia en la tramitaci\u00f3n de juicios para hacer valer el derecho a mantener una relaci\u00f3n directa y regular con el menor. Adem\u00e1s abogadosdelmaule.cl ofrece asesor\u00eda a aquellos padres que desean obtener el cumplimiento de un r\u00e9gimen de visitas ya establecido y que por diferentes motivos pueda no estarse cumpliendo.<\/p>\n\n\n\n<p><strong>Si no lo dejan visitar a su hijo,<\/strong>&nbsp;usted debe estar tranquilo y contactarse con nosotros. No olvide siempre que la mejor forma de hacer valer sus derechos es por la v\u00eda judicial. Recuerde siempre que la pretensi\u00f3n de la legislaci\u00f3n es que aquel de los padres que no tenga el cuidado personal del hijo, participe activamente en su desarrollo y crecimiento del menor. La relaci\u00f3n directa y regular es un derecho y obligaci\u00f3n del padre o madre que no tenga el cuidado personal de su hijo.<\/p>\n\n\n\n<h2 class=\"wp-block-heading\"><strong>\u00bfC\u00f3mo se regula el Derecho de Visita?<\/strong><\/h2>\n\n\n\n<p><strong>El derecho de visitas o r\u00e9gimen comunicacional con su hijo se regula:<\/strong><\/p>\n\n\n\n<p><strong>a) Por un acuerdo con quien tiene el cuidado personal del hijo.<\/strong><\/p>\n\n\n\n<p>Esta es sin duda alguna la mejor forma de regular este derecho, ya que nuevamente nuestro ordenamiento jur\u00eddico entrega la soluci\u00f3n del problema directamente a los involucrados, lo que constituye una herramienta que usada de forma apropiada implica un beneficio para todos, especialmente para los hijos. En virtud de esta posibilidad de regulaci\u00f3n, se podr\u00eda acordar un sistema que permita una verdadera relaci\u00f3n del hijo con ambos padres, sin perjuicio de que \u00e9stos vivan separados.<\/p>\n\n\n\n<p><strong>&nbsp;b) Por el juez en subsidio.<\/strong><\/p>\n\n\n\n<p>Si no existe acuerdo entre los padres al establecer un r\u00e9gimen de&nbsp;<em><strong>&nbsp;visitas&nbsp;<\/strong><\/em>que logre satisfacer los intereses de ambos y vele por el inter\u00e9s superior del hijo, es el&nbsp;juez quien deber\u00e1 fijar la frecuencia y libertad&nbsp;con que aquel de los padres que no tenga el cuidado personal, ejercer\u00e1 su<strong>&nbsp;<em>derecho-deber<\/em>&nbsp;de mantener una relaci\u00f3n directa y regular con el hijo.<\/strong><\/p>\n\n\n\n<p>La regulaci\u00f3n judicial es considerada subsidiaria, es decir, que lo primero que debe intentarse en esta materia es lograr un acuerdo -como ya sucede en general en derecho de familia-, a fin de evitar la carga emocional que todo juicio implica entre las partes.<\/p>\n\n\n\n<h2 class=\"wp-block-heading\"><strong>\u00bfPueden impedirme visitar a mi hijo o hija?<\/strong><\/h2>\n\n\n\n<p>Existen efectivamente ciertas limitaciones al derecho de Visitas. De esta forma: \u201cSe suspender\u00e1 o restringir\u00e1 el ejercicio de este derecho (el de visita) cuando manifiestamente perjudique el bienestar del hijo, lo que declarar\u00e1 el tribunal fundadamente\u201d.<\/p>\n","protected":false},"excerpt":{"rendered":"<p>Si usted se ha separado y su pareja se ha quedado con el cuidado personal de su hijo usted tiene derecho a ver regularmente a su hijo.\u00a0Novasur Abogados le presta asesor\u00eda legal solicitando al tribunal que establezca y regule un &hellip; <\/p>\n","protected":false},"author":1,"featured_media":0,"parent":0,"menu_order":0,"comment_status":"closed","ping_status":"closed","template":"","meta":{"om_disable_all_campaigns":false,"_monsterinsights_skip_tracking":false,"_monsterinsights_sitenote_active":false,"_monsterinsights_sitenote_note":"","_monsterinsights_sitenote_category":0,"_uf_show_specific_survey":0,"_uf_disable_surveys":false,"footnotes":""},"class_list":["post-254","page","type-page","status-publish","hentry"],"aioseo_notices":[],"jetpack_sharing_enabled":true,"_links":{"self":[{"href":"https:\/\/novasurabogados.cl\/index.php\/wp-json\/wp\/v2\/pages\/254","targetHints":{"allow":["GET"]}}],"collection":[{"href":"https:\/\/novasurabogados.cl\/index.php\/wp-json\/wp\/v2\/pages"}],"about":[{"href":"https:\/\/novasurabogados.cl\/index.php\/wp-json\/wp\/v2\/types\/page"}],"author":[{"embeddable":true,"href":"https:\/\/novasurabogados.cl\/index.php\/wp-json\/wp\/v2\/users\/1"}],"replies":[{"embeddable":true,"href":"https:\/\/novasurabogados.cl\/index.php\/wp-json\/wp\/v2\/comments?post=254"}],"version-history":[{"count":1,"href":"https:\/\/novasurabogados.cl\/index.php\/wp-json\/wp\/v2\/pages\/254\/revisions"}],"predecessor-version":[{"id":255,"href":"https:\/\/novasurabogados.cl\/index.php\/wp-json\/wp\/v2\/pages\/254\/revisions\/255"}],"wp:attachment":[{"href":"https:\/\/novasurabogados.cl\/index.php\/wp-json\/wp\/v2\/media?parent=254"}],"curies":[{"name":"wp","href":"https:\/\/api.w.org\/{rel}","templated":true}]}}