{"id":252,"date":"2022-01-12T19:14:12","date_gmt":"2022-01-12T19:14:12","guid":{"rendered":"https:\/\/novasurabogados.cl\/?page_id=252"},"modified":"2022-01-12T19:14:12","modified_gmt":"2022-01-12T19:14:12","slug":"asesoria-juridica-sobre-pension-alimenticia","status":"publish","type":"page","link":"https:\/\/novasurabogados.cl\/index.php\/asesoria-juridica-sobre-pension-alimenticia\/","title":{"rendered":"Asesor\u00eda jur\u00eddica sobre Pensi\u00f3n alimenticia"},"content":{"rendered":"\n<h1 class=\"wp-block-heading\"><strong>Pensi\u00f3n alimenticia<\/strong><\/h1>\n\n\n\n<p>Abogados del Maule ofrece asesor\u00eda legal en:\u00a0<strong><em>demandas de\u00a0pensi\u00f3n alimenticia<\/em>,\u00a0<em>demandas de aumento de pensi\u00f3n alimenticia<\/em>,\u00a0<em>demanda de disminuci\u00f3n de pensi\u00f3n alimenticia<\/em>,\u00a0<em>demanda de cese de alimentos.<\/em><\/strong>\u00a0As\u00ed mismo le ofrecemos asesor\u00eda legal a aquellas personas que sean\u00a0<em>demandadas de pensi\u00f3n de alimentos<\/em>.<\/p>\n\n\n\n<p><strong><em>El derecho de alimentos<\/em>&nbsp;<\/strong>debe ser, si no el primero en importancia, uno de los m\u00e1s trascendentales que consagra nuestro ordenamiento jur\u00eddico. Se divisa la raz\u00f3n: se trata de un derecho cuyo objetivo es subvenir a la subsistencia misma de una persona, y por a\u00f1adidura, lograr que su titular goce de las condiciones necesarias para que pueda lograr su mayor realizaci\u00f3n espiritual y material. En las l\u00edneas que siguen, revisaremos a quienes se debe<em>&nbsp;alimentos&nbsp;<\/em>y las condiciones en que, respecto de cada uno de ellos, el obligado al pago de la&nbsp;<em>pensi\u00f3n alimenticia<\/em>&nbsp;debe cumplir con la prestaci\u00f3n que le impone la ley.<\/p>\n\n\n\n<h2 class=\"wp-block-heading\"><strong>Demanda de Pensi\u00f3n Alimenticia<\/strong><\/h2>\n\n\n\n<p><strong><em>Pensi\u00f3n alimenticia<\/em><\/strong>&nbsp;es aquella obligaci\u00f3n legal impuesta a ciertas personas para que efect\u00faen, respecto de otras, las prestaciones necesarias con el fin de satisfacer las necesidades de manutenci\u00f3n de \u00e9stas. La&nbsp;<em>&nbsp;pensi\u00f3n alimenticia&nbsp;<\/em>&nbsp;es un derecho para unos y al mismo tiempo, una obligaci\u00f3n para otros.<\/p>\n\n\n\n<p>Si usted se separa tiene el derecho a recibir ayuda econ\u00f3mica para la alimentaci\u00f3n, educaci\u00f3n, vestimenta, salud y recreaci\u00f3n de sus hijos.<\/p>\n\n\n\n<p>Adem\u00e1s es importante mencionar que contrario a lo que se suele pensar , el derecho a recibir&nbsp;<em>pensi\u00f3n de&nbsp;alimentos<\/em>&nbsp;&nbsp;no tiene \u00fanicamente por titular a los hijos, sino que puede igualmente ser reclamado por el c\u00f3nyuge para sus necesidades (salvo si usted se encuentra divorciado o anulado).<\/p>\n\n\n\n<p>Es importante tener en cuenta que la&nbsp;obligaci\u00f3n de dar&nbsp;<em>pensi\u00f3n<\/em>&nbsp;&nbsp;nace a partir de la resoluci\u00f3n de un juez, por tanto mientras esta no exista no hay obligaci\u00f3n de dar alimentos. Dado lo anterior es de suma importancia que la pensi\u00f3n de alimentos quede regulada por medio de una resoluci\u00f3n judicial (a\u00fan en los casos en que existe acuerdo es bueno llevar este acuerdo ante el juez).<\/p>\n\n\n\n<p>La&nbsp;<strong><em>Pensi\u00f3n alimenticia<\/em><\/strong>&nbsp;debe demandarse en el Juzgado de Familia correspondiente al domicilio del demandante o del demandado, a elecci\u00f3n del que realiza la demanda y siempre con patrocinio de abogado. En el caso de&nbsp;aumento&nbsp;de<em>&nbsp;pensi\u00f3n de alimentos<\/em>&nbsp;el tribunal competente es el mismo tribunal que decret\u00f3 en su oportunidad la pensi\u00f3n en cuesti\u00f3n o el del nuevo domicilio del alimentario (de la persona que solicita alimentos) a elecci\u00f3n de este. En el caso de las demandas de&nbsp;rebaja&nbsp;o&nbsp;cese&nbsp;de la&nbsp;<em>pensi\u00f3n alimenticia<\/em>&nbsp;el tribunal de familia competente ser\u00e1 el del domicilio del alimentario.<\/p>\n\n\n\n<p>Es importante adem\u00e1s dejar en claro que el juez al fijar&nbsp;<em>pensi\u00f3n alimenticia<\/em>, no necesariamente debe hacerlo en dinero, sino que tambi\u00e9n puede fijar como&nbsp;<em>pensi\u00f3n alimenticia<\/em>&nbsp;un derecho de Usufructo, que consiste en uso o habitaci\u00f3n sobre bienes del demandado, el cual no podr\u00e1 venderlos sin autorizaci\u00f3n del juez.<\/p>\n\n\n\n<h2 class=\"wp-block-heading\"><strong>Leyes que regulan el tema:<\/strong><\/h2>\n\n\n\n<p>\u2013 Ley 14.908 sobre abandono de familia y pago de pensiones alimenticias. Para descargar presionar&nbsp;<a href=\"https:\/\/www.bcn.cl\/leychile\/navegar?idNorma=27977\">aqu\u00ed.<\/a><\/p>\n\n\n\n<p>\u2013 Art\u00edculos 321 a 337 del&nbsp;<a href=\"https:\/\/www.bcn.cl\/leychile\/navegar?idNorma=172986\">C\u00f3digo Civil.<\/a><\/p>\n","protected":false},"excerpt":{"rendered":"<p>Pensi\u00f3n alimenticia Abogados del Maule ofrece asesor\u00eda legal en:\u00a0demandas de\u00a0pensi\u00f3n alimenticia,\u00a0demandas de aumento de pensi\u00f3n alimenticia,\u00a0demanda de disminuci\u00f3n de pensi\u00f3n alimenticia,\u00a0demanda de cese de alimentos.\u00a0As\u00ed mismo le ofrecemos asesor\u00eda legal a aquellas personas que sean\u00a0demandadas de pensi\u00f3n de alimentos. El &hellip; <\/p>\n","protected":false},"author":1,"featured_media":0,"parent":0,"menu_order":0,"comment_status":"closed","ping_status":"closed","template":"","meta":{"om_disable_all_campaigns":false,"_monsterinsights_skip_tracking":false,"_monsterinsights_sitenote_active":false,"_monsterinsights_sitenote_note":"","_monsterinsights_sitenote_category":0,"_uf_show_specific_survey":0,"_uf_disable_surveys":false,"footnotes":""},"class_list":["post-252","page","type-page","status-publish","hentry"],"aioseo_notices":[],"jetpack_sharing_enabled":true,"_links":{"self":[{"href":"https:\/\/novasurabogados.cl\/index.php\/wp-json\/wp\/v2\/pages\/252","targetHints":{"allow":["GET"]}}],"collection":[{"href":"https:\/\/novasurabogados.cl\/index.php\/wp-json\/wp\/v2\/pages"}],"about":[{"href":"https:\/\/novasurabogados.cl\/index.php\/wp-json\/wp\/v2\/types\/page"}],"author":[{"embeddable":true,"href":"https:\/\/novasurabogados.cl\/index.php\/wp-json\/wp\/v2\/users\/1"}],"replies":[{"embeddable":true,"href":"https:\/\/novasurabogados.cl\/index.php\/wp-json\/wp\/v2\/comments?post=252"}],"version-history":[{"count":1,"href":"https:\/\/novasurabogados.cl\/index.php\/wp-json\/wp\/v2\/pages\/252\/revisions"}],"predecessor-version":[{"id":253,"href":"https:\/\/novasurabogados.cl\/index.php\/wp-json\/wp\/v2\/pages\/252\/revisions\/253"}],"wp:attachment":[{"href":"https:\/\/novasurabogados.cl\/index.php\/wp-json\/wp\/v2\/media?parent=252"}],"curies":[{"name":"wp","href":"https:\/\/api.w.org\/{rel}","templated":true}]}}