{"id":250,"date":"2022-01-12T19:12:03","date_gmt":"2022-01-12T19:12:03","guid":{"rendered":"https:\/\/novasurabogados.cl\/?page_id=250"},"modified":"2022-01-12T19:12:04","modified_gmt":"2022-01-12T19:12:04","slug":"asesoria-juridica-de-divorcios","status":"publish","type":"page","link":"https:\/\/novasurabogados.cl\/index.php\/asesoria-juridica-de-divorcios\/","title":{"rendered":"Asesor\u00eda jur\u00eddica de Divorcios"},"content":{"rendered":"\n<h1 class=\"wp-block-heading\"><strong>Divorcio en Chile<\/strong><\/h1>\n\n\n\n<p><em><strong>Divorcio en Chile<\/strong><\/em>,<em>\u00a0<strong>Demandas de divorcio<\/strong><\/em>.\u00a0Novasur Abogados ofrece asesor\u00eda legal en la tramitaci\u00f3n de su\u00a0<em>divorcio<\/em>, ya sea que se trate de un\u00a0<em>divorcio\u00a0<\/em>de\u00a0mutuo acuerdo,\u00a0divorcio sin acuerdo\u00a0o un\u00a0divorcio culposo.<\/p>\n\n\n\n<p>Cualquiera sea el tipo de&nbsp;<em>divorcio<\/em>, al producirse el mismo, se pone t\u00e9rmino al matrimonio y a todos los derechos y obligaciones que este v\u00ednculo conlleva. Por tanto si Ud., desea poner fin a su matrimonio no tiene m\u00e1s que comunicarse con nosotros para que evaluemos su caso y realicemos la tramitaci\u00f3n correspondiente ante tribunales.<\/p>\n\n\n\n<h2 class=\"wp-block-heading\"><strong>Abogados divorcio<\/strong><\/h2>\n\n\n\n<p><em><strong>El\u00a0divorcio\u00a0\u00a0en Chile\u00a0<\/strong><\/em>como lo conocemos hoy en d\u00eda, nace en el a\u00f1o 2004 por medio de la ley 19.947 (ley de Matrimonio Civil) y luego de un amplio debate en la comunidad nacional entre anti-divorcistas y pro-divorcistas. La ley hoy vigente, establece diferentes clases de\u00a0<em>divorcio;<\/em>\u00a0<em>divorcio de mutuo consentimiento\u00a0<\/em>,\u00a0<em>divorcio unilateral\u00a0<\/em>\u00a0y \u00a0<em>divorcio culposo\u00a0<\/em>\u00a0(aplicable este \u00faltimo a casos de infidelidad, violencia u otros).<\/p>\n\n\n\n<p>Para que se declare el\u00a0<em>divorcio\u00a0<\/em>es necesario iniciar un proceso judicial acreditando ante el juez de familia el cumplimiento de ciertos requisitos que la legislaci\u00f3n establece. En este sentido nuestra ley actual requiere que tanto en el divorcio de mutuo acuerdo como en el divorcio unilateral, transcurra un cierto lapso de tiempo desde el cese de convivencia (un a\u00f1o para el\u00a0divorcio\u00a0de mutuo acuerdo y tres para el\u00a0<em>divorcio<\/em>\u00a0unilateral). Por otro lado, en el caso del divorcio culposo, no se requiere que medie un tiempo de cese de convivencia, pero si se requerir\u00e1 una excelente asesor\u00eda por parte del abogado patrocinante dado que la prueba se vuelve fundamental.<\/p>\n\n\n\n<p>Un\u00a0<em>divorcio\u00a0<\/em>de mutuo acuerdo\u00a0ciertamente presenta ciertas conveniencias frente a los dem\u00e1s, pues en este no existe conflicto entre las partes, el tiempo de tramitaci\u00f3n es menor, el costo de abogados es menor (incluso ciertos tribunales como es el caso de Talca permiten que ambas partes sean representadas por un abogado). Para este tipo de\u00a0<em>divorcio\u00a0<\/em>se debe acompa\u00f1ar un \u00abacuerdo completo y suficiente\u00bb (que preparar\u00e1 el abogado) donde se regulen ciertos temas:\u00a0pensi\u00f3n de alimentos\u00a0, r\u00e9gimen de visitas, se establezca compensaci\u00f3n econ\u00f3mica o se renuncie a ella, adem\u00e1s en el caso de aquellos que est\u00e9n casados en sociedad conyugal, esta deber\u00e1 liquidarse de com\u00fan acuerdo y por escritura p\u00fablica. En el caso de que se trate de un\u00a0<em>divorcio sin acuerdo o divorcio unilateral<\/em>, en el mismo juicio de\u00a0<em>divorcio\u00a0<\/em>\u00a0se regularan las materias se\u00f1aladas con excepci\u00f3n de aquello relacionado con el reparto de los bienes, puesto que, de no existir acuerdo, eso es materia de un\u00a0juicio de partici\u00f3n.<\/p>\n\n\n\n<h2 class=\"wp-block-heading\"><strong>Abogados divorcio<\/strong><\/h2>\n\n\n\n<p>Los documentos que necesitaremos para su&nbsp;<em>divorcio&nbsp;<\/em>variar\u00e1n seg\u00fan el caso concreto, no obstante generalmente se requerir\u00e1:<\/p>\n\n\n\n<ul class=\"wp-block-list\"><li>Certificado de matrimonio.<\/li><li>Certificado de nacimiento de los hijos\/as.<\/li><li>Acta de matrimonio.<\/li><li>Antecedentes del domicilio del c\u00f3nyuge.<\/li><li>Listado de los bienes; y<\/li><li>Otros medios probatorios determinados por ley.<\/li><\/ul>\n\n\n\n<p>En los siguientes enlaces explicaremos todos aquellos aspectos que encontramos relevantes sobre el&nbsp;<em>divorcio<\/em>, sus clases, y materias relacionadas.<\/p>\n\n\n\n<h2 class=\"wp-block-heading\"><strong>Clases de Divorcio<\/strong><\/h2>\n\n\n\n<p>1.-\u00a0<em>Divorcio<\/em>\u00a0de Mutuo Acuerdo.\u00a0<\/p>\n\n\n\n<p>2.-\u00a0<em>Divorcio<\/em>\u00a0Unilateral o divorcio sin acuerdo<\/p>\n\n\n\n<p>3.-\u00a0<em>Divorcio<\/em>\u00a0culposo.<\/p>\n\n\n\n<h3 class=\"wp-block-heading\"><strong>Ley 19.947, \u00abNueva ley de Matrimonio civil\u00bb<\/strong><\/h3>\n\n\n\n<p>Regula los requisitos para contraer matrimonio, la forma de su celebraci\u00f3n, la separaci\u00f3n de los c\u00f3nyuges , la declaraci\u00f3n de nulidad matrimonial, la disoluci\u00f3n del v\u00ednculo y los medios para remediar o paliar las rupturas entre los c\u00f3nyuges y sus efectos.<\/p>\n\n\n\n<p>Presione&nbsp;<a href=\"https:\/\/www.bcn.cl\/leychile\/navegar?idNorma=225128\">aqu\u00ed<\/a>&nbsp;para ir a la ley.<\/p>\n","protected":false},"excerpt":{"rendered":"<p>Divorcio en Chile Divorcio en Chile,\u00a0Demandas de divorcio.\u00a0Novasur Abogados ofrece asesor\u00eda legal en la tramitaci\u00f3n de su\u00a0divorcio, ya sea que se trate de un\u00a0divorcio\u00a0de\u00a0mutuo acuerdo,\u00a0divorcio sin acuerdo\u00a0o un\u00a0divorcio culposo. Cualquiera sea el tipo de&nbsp;divorcio, al producirse el mismo, se pone &hellip; <\/p>\n","protected":false},"author":1,"featured_media":0,"parent":0,"menu_order":0,"comment_status":"closed","ping_status":"closed","template":"","meta":{"om_disable_all_campaigns":false,"_monsterinsights_skip_tracking":false,"_monsterinsights_sitenote_active":false,"_monsterinsights_sitenote_note":"","_monsterinsights_sitenote_category":0,"_uf_show_specific_survey":0,"_uf_disable_surveys":false,"footnotes":""},"class_list":["post-250","page","type-page","status-publish","hentry"],"aioseo_notices":[],"jetpack_sharing_enabled":true,"_links":{"self":[{"href":"https:\/\/novasurabogados.cl\/index.php\/wp-json\/wp\/v2\/pages\/250","targetHints":{"allow":["GET"]}}],"collection":[{"href":"https:\/\/novasurabogados.cl\/index.php\/wp-json\/wp\/v2\/pages"}],"about":[{"href":"https:\/\/novasurabogados.cl\/index.php\/wp-json\/wp\/v2\/types\/page"}],"author":[{"embeddable":true,"href":"https:\/\/novasurabogados.cl\/index.php\/wp-json\/wp\/v2\/users\/1"}],"replies":[{"embeddable":true,"href":"https:\/\/novasurabogados.cl\/index.php\/wp-json\/wp\/v2\/comments?post=250"}],"version-history":[{"count":1,"href":"https:\/\/novasurabogados.cl\/index.php\/wp-json\/wp\/v2\/pages\/250\/revisions"}],"predecessor-version":[{"id":251,"href":"https:\/\/novasurabogados.cl\/index.php\/wp-json\/wp\/v2\/pages\/250\/revisions\/251"}],"wp:attachment":[{"href":"https:\/\/novasurabogados.cl\/index.php\/wp-json\/wp\/v2\/media?parent=250"}],"curies":[{"name":"wp","href":"https:\/\/api.w.org\/{rel}","templated":true}]}}