{"id":218,"date":"2016-12-26T06:11:39","date_gmt":"2016-12-26T06:11:39","guid":{"rendered":"https:\/\/raratheme.com\/preview\/lawyer-landing-page\/?page_id=2"},"modified":"2022-01-12T19:03:46","modified_gmt":"2022-01-12T19:03:46","slug":"sample-page-2","status":"publish","type":"page","link":"https:\/\/novasurabogados.cl\/index.php\/sample-page-2\/","title":{"rendered":"Servicios"},"content":{"rendered":"<h4><span style=\"color: revert; font-size: revert; font-weight: revert;\">Conoce a continuaci\u00f3n todos los servicios que abogados del Maule ofrece para tus diferentes necesidades. Cada cuadro que veras a continuaci\u00f3n engloba los diferentes servicios dentro de las \u00e1reas del derecho.<\/span><\/h4>\n<div class=\"elementor-element elementor-element-285514c elementor-view-stacked elementor-shape-circle elementor-position-top elementor-vertical-align-top elementor-widget elementor-widget-icon-box\" data-id=\"285514c\" data-element_type=\"widget\" data-widget_type=\"icon-box.default\">\n<div class=\"elementor-widget-container\">\n<div class=\"elementor-icon-box-wrapper\">\n<div class=\"elementor-icon-box-content\">\n<h3 class=\"elementor-icon-box-title\">Abogados de Familia<\/h3>\n<\/div>\n<\/div>\n<\/div>\n<\/div>\n<div class=\"elementor-element elementor-element-32fbeda elementor-widget elementor-widget-text-editor\" data-id=\"32fbeda\" data-element_type=\"widget\" data-widget_type=\"text-editor.default\">\n<div class=\"elementor-widget-container\">\n<p>Abogados especialistas en divorcio unilateral, divorcio por mutuo acuerdo, divorcio culposo, pensi\u00f3n de alimentos, visitas, tuici\u00f3n, adopci\u00f3n juicios de paternidad, declaraci\u00f3n de bien familiar, etc.<\/p>\n<div class=\"elementor-element elementor-element-58bb9de elementor-view-stacked elementor-shape-circle elementor-position-top elementor-vertical-align-top elementor-widget elementor-widget-icon-box\" data-id=\"58bb9de\" data-element_type=\"widget\" data-widget_type=\"icon-box.default\">\n<div class=\"elementor-widget-container\">\n<div class=\"elementor-icon-box-wrapper\">\n<div class=\"elementor-icon-box-content\">\n<h3 class=\"elementor-icon-box-title\">Abogados derecho civil<\/h3>\n<\/div>\n<\/div>\n<\/div>\n<\/div>\n<div class=\"elementor-element elementor-element-c94840f elementor-widget elementor-widget-text-editor\" data-id=\"c94840f\" data-element_type=\"widget\" data-widget_type=\"text-editor.default\">\n<div class=\"elementor-widget-container\">\n<p>Abogados especialistas posesiones Efectivas, contratos, estudios de t\u00edtulo, juicios de indemnizaci\u00f3n de perjuicios, juicios de precario, embargos, juicios de cambios de nombre, juicios de arrendamiento, constituci\u00f3n de sociedades, litigios.<\/p>\n<div class=\"elementor-element elementor-element-660580d elementor-view-stacked elementor-shape-circle elementor-position-top elementor-vertical-align-top elementor-widget elementor-widget-icon-box\" data-id=\"660580d\" data-element_type=\"widget\" data-widget_type=\"icon-box.default\">\n<div class=\"elementor-widget-container\">\n<div class=\"elementor-icon-box-wrapper\">\n<div class=\"elementor-icon-box-content\">\n<h3 class=\"elementor-icon-box-title\">Abogados Derecho comercial<\/h3>\n<p class=\"elementor-icon-box-description\"><span style=\"font-size: revert; color: initial;\">Abogados especialistas en Constituci\u00f3n de sociedades, Modificaci\u00f3n de Sociedades, Liquidaci\u00f3n de Sociedades<\/span><\/p>\n<div class=\"elementor-element elementor-element-16544c7 elementor-view-stacked elementor-shape-circle elementor-position-top elementor-vertical-align-top elementor-widget elementor-widget-icon-box\" data-id=\"16544c7\" data-element_type=\"widget\" data-widget_type=\"icon-box.default\">\n<div class=\"elementor-widget-container\">\n<div class=\"elementor-icon-box-wrapper\">\n<div class=\"elementor-icon-box-content\">\n<h3 class=\"elementor-icon-box-title\">Abogados derecho laboral<\/h3>\n<\/div>\n<\/div>\n<\/div>\n<\/div>\n<div class=\"elementor-element elementor-element-7f7f522 elementor-widget elementor-widget-text-editor\" data-id=\"7f7f522\" data-element_type=\"widget\" data-widget_type=\"text-editor.default\">\n<div class=\"elementor-widget-container\">\n<p>Abogados especialistas en Derecho del Trabajo: demandas por despido injustificado, indemnizaci\u00f3n por a\u00f1os de servicios, indemnizaci\u00f3n sustitutiva del aviso previo, fuero maternal, etc.<\/p>\n<div class=\"elementor-element elementor-element-5ef15af elementor-view-stacked elementor-shape-circle elementor-position-top elementor-vertical-align-top elementor-widget elementor-widget-icon-box\" data-id=\"5ef15af\" data-element_type=\"widget\" data-widget_type=\"icon-box.default\">\n<div class=\"elementor-widget-container\">\n<div class=\"elementor-icon-box-wrapper\">\n<div class=\"elementor-icon-box-content\">\n<h3 class=\"elementor-icon-box-title\">Abogados de herencias<\/h3>\n<\/div>\n<\/div>\n<\/div>\n<\/div>\n<div class=\"elementor-element elementor-element-cb51820 elementor-widget elementor-widget-text-editor\" data-id=\"cb51820\" data-element_type=\"widget\" data-widget_type=\"text-editor.default\">\n<div class=\"elementor-widget-container\">\n<p>Abogados especialistas en temas de herencia, Posesi\u00f3n efectiva, Cesi\u00f3n de Derechos, Testamentos, Juicios de partici\u00f3n, etc.<\/p>\n<div class=\"elementor-element elementor-element-77b95d9 elementor-view-stacked elementor-shape-circle elementor-position-top elementor-vertical-align-top elementor-widget elementor-widget-icon-box\" data-id=\"77b95d9\" data-element_type=\"widget\" data-widget_type=\"icon-box.default\">\n<div class=\"elementor-widget-container\">\n<div class=\"elementor-icon-box-wrapper\">\n<div class=\"elementor-icon-box-content\">\n<h3 class=\"elementor-icon-box-title\">Abogados de cobranzas<\/h3>\n<p class=\"elementor-icon-box-description\"><span style=\"font-size: revert; color: initial;\">Abogados especialistas en: cobranza de letras de cambio, cobranza de cheques, cobranza de pagar\u00e9s, cobranza de facturas y cobranza de otro tipo de documentos.<\/span><\/p>\n<div class=\"elementor-element elementor-element-c40a990 elementor-view-stacked elementor-shape-circle elementor-position-top elementor-vertical-align-top elementor-widget elementor-widget-icon-box\" data-id=\"c40a990\" data-element_type=\"widget\" data-widget_type=\"icon-box.default\">\n<div class=\"elementor-widget-container\">\n<div class=\"elementor-icon-box-wrapper\">\n<div class=\"elementor-icon-box-content\">\n<h3 class=\"elementor-icon-box-title\">Abogados asesor\u00eda tributaria<\/h3>\n<\/div>\n<\/div>\n<\/div>\n<\/div>\n<div class=\"elementor-element elementor-element-5a7e4e8 elementor-widget elementor-widget-text-editor\" data-id=\"5a7e4e8\" data-element_type=\"widget\" data-widget_type=\"text-editor.default\">\n<div class=\"elementor-widget-container\">\n<p>Contamos con especialistas en: planificaci\u00f3n tributaria, Asesor\u00eda jur\u00eddica, Defensas Tributarias, Reorganizaci\u00f3n de Empresas y Negocios, Devoluci\u00f3n de Cr\u00e9ditos e Impuestos, Servicios Contables, Auditor\u00edas, todos servicios aplicables tanto en la ciudad de Talca como Santiago.<\/p>\n<div class=\"elementor-element elementor-element-8ac5be9 elementor-view-stacked elementor-shape-circle elementor-position-top elementor-vertical-align-top elementor-widget elementor-widget-icon-box\" data-id=\"8ac5be9\" data-element_type=\"widget\" data-widget_type=\"icon-box.default\">\n<div class=\"elementor-widget-container\">\n<div class=\"elementor-icon-box-wrapper\">\n<div class=\"elementor-icon-box-content\">\n<h3 class=\"elementor-icon-box-title\">Abogados de polic\u00eda local<\/h3>\n<\/div>\n<\/div>\n<\/div>\n<\/div>\n<div class=\"elementor-element elementor-element-cb59ebd elementor-widget elementor-widget-text-editor\" data-id=\"cb59ebd\" data-element_type=\"widget\" data-widget_type=\"text-editor.default\">\n<div class=\"elementor-widget-container\">\n<p>Abogados del Maule presta asesor\u00eda legal en aquellas materias que sean competencia del juzgado de Polic\u00eda Local. El detalle de las materias es el siguiente: Querellas infracci\u00f3nales, demanda y defensas civiles por accidentes del tr\u00e1nsito, y juicios derivados en materia de Ley de Defensa para del consumidor.<\/p>\n<div class=\"elementor-element elementor-element-1ce759c elementor-view-stacked elementor-shape-circle elementor-position-top elementor-vertical-align-top elementor-widget elementor-widget-icon-box\" data-id=\"1ce759c\" data-element_type=\"widget\" data-widget_type=\"icon-box.default\">\n<div class=\"elementor-widget-container\">\n<div class=\"elementor-icon-box-wrapper\">\n<div class=\"elementor-icon-box-content\">\n<h3 class=\"elementor-icon-box-title\">Abogados de asesor\u00eda general<\/h3>\n<p class=\"elementor-icon-box-description\"><span style=\"font-size: revert; color: initial;\">Compraventa de inmuebles, regularizaci\u00f3n de propiedades, redacci\u00f3n de contratos, posesi\u00f3n efectiva, capitulaciones matrimoniales, Accidentes de tr\u00e1nsito, Derechos del Consumidor, Procedimientos ante el Juzgado de Polic\u00eda Local, etc.<\/span><\/p>\n<\/div>\n<\/div>\n<\/div>\n<\/div>\n<\/div>\n<\/div>\n<\/div>\n<\/div>\n<\/div>\n<\/div>\n<\/div>\n<\/div>\n<\/div>\n<\/div>\n<\/div>\n<\/div>\n<\/div>\n<\/div>\n<\/div>\n<\/div>\n<\/div>\n<\/div>\n<\/div>\n<\/div>\n","protected":false},"excerpt":{"rendered":"<p>Conoce a continuaci\u00f3n todos los servicios que abogados del Maule ofrece para tus diferentes necesidades. Cada cuadro que veras a continuaci\u00f3n engloba los diferentes servicios dentro de las \u00e1reas del derecho. Abogados de Familia Abogados especialistas en divorcio unilateral, divorcio &hellip; <\/p>\n","protected":false},"author":1,"featured_media":0,"parent":0,"menu_order":0,"comment_status":"closed","ping_status":"open","template":"","meta":{"om_disable_all_campaigns":false,"_monsterinsights_skip_tracking":false,"_monsterinsights_sitenote_active":false,"_monsterinsights_sitenote_note":"","_monsterinsights_sitenote_category":0,"_uf_show_specific_survey":0,"_uf_disable_surveys":false,"footnotes":""},"class_list":["post-218","page","type-page","status-publish","hentry"],"aioseo_notices":[],"jetpack_sharing_enabled":true,"_links":{"self":[{"href":"https:\/\/novasurabogados.cl\/index.php\/wp-json\/wp\/v2\/pages\/218","targetHints":{"allow":["GET"]}}],"collection":[{"href":"https:\/\/novasurabogados.cl\/index.php\/wp-json\/wp\/v2\/pages"}],"about":[{"href":"https:\/\/novasurabogados.cl\/index.php\/wp-json\/wp\/v2\/types\/page"}],"author":[{"embeddable":true,"href":"https:\/\/novasurabogados.cl\/index.php\/wp-json\/wp\/v2\/users\/1"}],"replies":[{"embeddable":true,"href":"https:\/\/novasurabogados.cl\/index.php\/wp-json\/wp\/v2\/comments?post=218"}],"version-history":[{"count":2,"href":"https:\/\/novasurabogados.cl\/index.php\/wp-json\/wp\/v2\/pages\/218\/revisions"}],"predecessor-version":[{"id":248,"href":"https:\/\/novasurabogados.cl\/index.php\/wp-json\/wp\/v2\/pages\/218\/revisions\/248"}],"wp:attachment":[{"href":"https:\/\/novasurabogados.cl\/index.php\/wp-json\/wp\/v2\/media?parent=218"}],"curies":[{"name":"wp","href":"https:\/\/api.w.org\/{rel}","templated":true}]}}